{"id":1696,"date":"2024-12-12T19:35:12","date_gmt":"2024-12-12T18:35:12","guid":{"rendered":"https:\/\/www.mcl-menuiseries.com\/22\/?page_id=1696"},"modified":"2024-12-12T19:52:19","modified_gmt":"2024-12-12T18:52:19","slug":"mentions-legales","status":"publish","type":"page","link":"https:\/\/www.mcl-menuiseries.com\/22\/mentions-legales\/","title":{"rendered":"Mentions L\u00e9gales"},"content":{"rendered":"\t\t<div data-elementor-type=\"wp-page\" data-elementor-id=\"1696\" class=\"elementor elementor-1696\">\n\t\t\t\t<div class=\"elementor-element elementor-element-8742cca e-flex e-con-boxed e-con e-parent\" data-id=\"8742cca\" data-element_type=\"container\" data-e-type=\"container\">\n\t\t\t\t\t<div class=\"e-con-inner\">\n\t\t\t\t<div class=\"elementor-element elementor-element-bd69b9e elementor-widget elementor-widget-text-editor\" data-id=\"bd69b9e\" data-element_type=\"widget\" data-e-type=\"widget\" data-widget_type=\"text-editor.default\">\n\t\t\t\t<div class=\"elementor-widget-container\">\n\t\t\t\t\t\t\t\t\t<p><span style=\"text-decoration: underline;\"><strong>Qui sommes-nous ?<\/strong><\/span><\/p><p>La SARL MENUISERIE ET CHARPENTE DU LEGUER (<strong>MCL<\/strong>) est une soci\u00e9t\u00e9 \u00e0 responsabilit\u00e9 limit\u00e9e immatricul\u00e9e \u00e0 Saint-Brieuc (22) depuis 1998, elle est sp\u00e9cialis\u00e9e dans le secteur d&rsquo;activit\u00e9 des travaux de charpente et de menuiserie.<br \/>SIRET : 420 770 208 00023<br \/>79 La Croix Rouge &#8211; 22300 PLOUMILLIAU<br \/>02 96 35 47 07<br \/><a href=\"mailto:contact@mcl-menuiseries.com\" target=\"_blank\" rel=\"noopener\">contact@mcl-menuiseries.com<\/a><br \/><a href=\"https:\/\/www.mcl-menuiseries.com\/\" target=\"_blank\" rel=\"noopener\">www.mcl-menuiseries.com<\/a><\/p><p><span style=\"text-decoration: underline;\"><strong>Conditions g\u00e9n\u00e9rales d\u2019utilisation<\/strong><\/span><\/p><p>L\u2019utilisation du site <a href=\"https:\/\/www.mcl-menuiseries.com\/\" target=\"_blank\" rel=\"noopener\">www.mcl-menuiseries.com<\/a> implique l\u2019acceptation pleine et enti\u00e8re des mentions l\u00e9gales ci-apr\u00e8s d\u00e9crites. Toutes les informations indiqu\u00e9es sur ce site sont donn\u00e9es \u00e0 titre indicatif et sont susceptibles d\u2019\u00e9voluer. <strong>MCL<\/strong> ne pourra \u00eatre tenu responsable des omissions ou erreurs dans les informations figurant sur ce site, qu\u2019elles soient de son fait ou du fait des tiers partenaires qui lui fournissent ces informations. Tout litige en relation avec l\u2019utilisation du site <a href=\"https:\/\/www.mcl-menuiseries.com\/\" target=\"_blank\" rel=\"noopener\">www.mcl-menuiseries.com<\/a> est soumis au droit fran\u00e7ais et sous la juridiction des tribunaux comp\u00e9tents les plus proches de l\u2019adresse de la soci\u00e9t\u00e9 <strong>MCL<\/strong>.<\/p><p><span style=\"text-decoration: underline;\"><strong>Propri\u00e9t\u00e9 intellectuelle<\/strong><\/span><\/p><p>La soci\u00e9t\u00e9 <strong>MCL<\/strong> est propri\u00e9taire des droits de propri\u00e9t\u00e9 intellectuelle ou d\u00e9tient les autorisations des tiers concern\u00e9s sur tous les \u00e9l\u00e9ments accessibles sur le site, textes, photos et logotypes. Les cr\u00e9dits photographiques sont list\u00e9s ci-dessous. Toute utilisation, reproduction ou modification de tout ou partie des \u00e9l\u00e9ments du site, quel que soit le moyen ou le proc\u00e9d\u00e9 utilis\u00e9, est interdite, sauf autorisation \u00e9crite pr\u00e9alable de la soci\u00e9t\u00e9 <strong>MCL<\/strong> ou du tiers concern\u00e9.<br \/><span style=\"text-decoration: underline;\">Cr\u00e9dits photographiques<\/span> : \u00a9 MCL Tous Droits R\u00e9serv\u00e9s.<\/p><p><span style=\"text-decoration: underline;\"><strong>Donn\u00e9es personnelles<\/strong><\/span><\/p><p>L\u2019utilisateur du site <a href=\"https:\/\/www.mcl-menuiseries.com\/\" target=\"_blank\" rel=\"noopener\">www.mcl-menuiseries.com<\/a> fournit des informations personnelles en toute connaissance de cause, notamment lorsqu\u2019il les envoie par le biais du formulaire de contact. Aucune de ces informations n\u2019est c\u00e9d\u00e9e ou vendue \u00e0 des tiers. Conform\u00e9ment aux dispositions des articles 38 et suivants de la loi 78-17 du 6 janvier 1978 relative \u00e0 l\u2019informatique, aux fichiers et aux libert\u00e9s, tout utilisateur dispose d\u2019un droit d\u2019acc\u00e8s, de rectification et d\u2019opposition aux donn\u00e9es personnelles le concernant, en effectuant une demande \u00e9crite et sign\u00e9e \u00e0 la soci\u00e9t\u00e9 <strong>MCL<\/strong>.<\/p><p><span style=\"text-decoration: underline;\"><strong>Cookies<\/strong><\/span><\/p><p>La navigation sur le site <a href=\"https:\/\/www.mcl-menuiseries.com\/\" target=\"_blank\" rel=\"noopener\">www.mcl-menuiseries.com<\/a> est susceptible d\u2019utiliser quelques cookies (interface, fr\u00e9quentation, \u2026). En tant qu&rsquo;utilisateur du site, vous pouvez refuser ou personnaliser l\u2019installation de ces cookies en configurant simplement votre navigateur :<br \/><span style=\"text-decoration: underline;\">Internet Explorer<\/span> : Outils &gt; Options internet &gt; Confidentialit\u00e9 &gt; Param\u00e8tres avanc\u00e9s &gt; Cookies.<br \/><span style=\"text-decoration: underline;\">Firefox<\/span> : Param\u00e8tres &gt; Vie priv\u00e9e et s\u00e9curit\u00e9 &gt; Cookies.<br \/><span style=\"text-decoration: underline;\">Safari<\/span> : Pr\u00e9f\u00e9rences &gt; Confidentialit\u00e9 &gt; Bloquer les cookies.<br \/><span style=\"text-decoration: underline;\">Chrome<\/span> : Param\u00e8tres &gt; Param\u00e8tres avanc\u00e9s &gt; Param\u00e8tres de site &gt; Cookies.<\/p>\t\t\t\t\t\t\t\t<\/div>\n\t\t\t\t<\/div>\n\t\t\t\t\t<\/div>\n\t\t\t\t<\/div>\n\t\t\t\t<\/div>\n\t\t","protected":false},"excerpt":{"rendered":"<p>Qui sommes-nous ? La SARL MENUISERIE ET CHARPENTE DU LEGUER (MCL) est une soci\u00e9t\u00e9 \u00e0 responsabilit\u00e9 limit\u00e9e immatricul\u00e9e \u00e0 Saint-Brieuc (22) depuis 1998, elle est sp\u00e9cialis\u00e9e dans le secteur d&rsquo;activit\u00e9 des travaux de charpente et de menuiserie.SIRET : 420 770 208 0002379 La Croix Rouge &#8211; 22300 PLOUMILLIAU02 96 35 47 07contact@mcl-menuiseries.comwww.mcl-menuiseries.com Conditions g\u00e9n\u00e9rales d\u2019utilisation [&hellip;]<\/p>\n","protected":false},"author":1,"featured_media":0,"parent":0,"menu_order":0,"comment_status":"closed","ping_status":"closed","template":"","meta":{"footnotes":""},"class_list":["post-1696","page","type-page","status-publish","hentry"],"_links":{"self":[{"href":"https:\/\/www.mcl-menuiseries.com\/22\/wp-json\/wp\/v2\/pages\/1696","targetHints":{"allow":["GET"]}}],"collection":[{"href":"https:\/\/www.mcl-menuiseries.com\/22\/wp-json\/wp\/v2\/pages"}],"about":[{"href":"https:\/\/www.mcl-menuiseries.com\/22\/wp-json\/wp\/v2\/types\/page"}],"author":[{"embeddable":true,"href":"https:\/\/www.mcl-menuiseries.com\/22\/wp-json\/wp\/v2\/users\/1"}],"replies":[{"embeddable":true,"href":"https:\/\/www.mcl-menuiseries.com\/22\/wp-json\/wp\/v2\/comments?post=1696"}],"version-history":[{"count":6,"href":"https:\/\/www.mcl-menuiseries.com\/22\/wp-json\/wp\/v2\/pages\/1696\/revisions"}],"predecessor-version":[{"id":1702,"href":"https:\/\/www.mcl-menuiseries.com\/22\/wp-json\/wp\/v2\/pages\/1696\/revisions\/1702"}],"wp:attachment":[{"href":"https:\/\/www.mcl-menuiseries.com\/22\/wp-json\/wp\/v2\/media?parent=1696"}],"curies":[{"name":"wp","href":"https:\/\/api.w.org\/{rel}","templated":true}]}}