{"id":356,"date":"2024-12-09T16:15:50","date_gmt":"2024-12-09T15:15:50","guid":{"rendered":"https:\/\/demo.hashthemes.com\/total-plus\/construction\/?page_id=356"},"modified":"2024-12-11T12:13:27","modified_gmt":"2024-12-11T11:13:27","slug":"activites","status":"publish","type":"page","link":"https:\/\/www.mcl-menuiseries.com\/22\/activites\/","title":{"rendered":"Activit\u00e9s"},"content":{"rendered":"\t\t<div data-elementor-type=\"wp-page\" data-elementor-id=\"356\" class=\"elementor elementor-356\">\n\t\t\t\t<div class=\"elementor-element elementor-element-201ffb5 e-flex e-con-boxed e-con e-parent\" data-id=\"201ffb5\" data-element_type=\"container\" data-e-type=\"container\">\n\t\t\t\t\t<div class=\"e-con-inner\">\n\t\t<div class=\"elementor-element elementor-element-0e16342 e-con-full e-flex e-con e-child\" data-id=\"0e16342\" data-element_type=\"container\" data-e-type=\"container\">\n\t\t\t\t<div class=\"elementor-element elementor-element-5db3448 elementor-widget elementor-widget-total-plus-highlight-block\" data-id=\"5db3448\" data-element_type=\"widget\" data-e-type=\"widget\" data-widget_type=\"total-plus-highlight-block.default\">\n\t\t\t\t<div class=\"elementor-widget-container\">\n\t\t\t\t\t        <div class=\"tpe-highlight-post tpe-style2 tpe-custom-height\">\n                            <div class=\"tpe-highlight-image\">\n                    <img fetchpriority=\"high\" decoding=\"async\" width=\"1800\" height=\"1200\" src=\"https:\/\/www.mcl-menuiseries.com\/22\/wp-content\/uploads\/2024\/12\/Slide3-MCL-charpente-traditionnelle.jpg\" class=\"attachment-full size-full wp-image-1177\" alt=\"\" srcset=\"https:\/\/www.mcl-menuiseries.com\/22\/wp-content\/uploads\/2024\/12\/Slide3-MCL-charpente-traditionnelle.jpg 1800w, https:\/\/www.mcl-menuiseries.com\/22\/wp-content\/uploads\/2024\/12\/Slide3-MCL-charpente-traditionnelle-300x200.jpg 300w, https:\/\/www.mcl-menuiseries.com\/22\/wp-content\/uploads\/2024\/12\/Slide3-MCL-charpente-traditionnelle-1024x683.jpg 1024w, https:\/\/www.mcl-menuiseries.com\/22\/wp-content\/uploads\/2024\/12\/Slide3-MCL-charpente-traditionnelle-768x512.jpg 768w, https:\/\/www.mcl-menuiseries.com\/22\/wp-content\/uploads\/2024\/12\/Slide3-MCL-charpente-traditionnelle-1536x1024.jpg 1536w\" sizes=\"(max-width: 1800px) 100vw, 1800px\" \/>                <\/div>\n                <div class=\"tpe-highlight-title-wrap\">\n                    <div class=\"tpe-highlight-title-inner\">\n                        <div class=\"tpe-highlight-icon\">\n                            <i aria-hidden=\"true\" class=\"icofont icofont-hammer-alt\"><\/i>                        <\/div>\n                        <h5 class=\"tpe-highlight-title\">Charpente &amp; Ossature bois<\/h5>\n                    <\/div>\n                <\/div>\n\n                <div class=\"tpe-highlight-hover\">\n                                            <div class=\"tpe-highlight-icon\">\n                            <i aria-hidden=\"true\" class=\"icofont icofont-hammer-alt\"><\/i>                        <\/div>\n                        <h5 class=\"tpe-highlight-title\">Charpente &amp; Ossature bois<\/h5>\n                    \n                    <div class=\"tpe-highlight-hover-inner\">\n                        <div class=\"tpe-highlight-excerpt\">\n                            Le savoir-faire en charpente et ossature bois de MCL s'\u00e9tend de la r\u00e9novation \u00e0 la cr\u00e9ation pour toutes structures robustes, esth\u00e9tiques et durables.                         <\/div>\n\n                                                    <div class=\"tpe-highlight-link\">\n                                <a href=\"https:\/\/www.mcl-menuiseries.com\/22\/charpente-ossature-bois\/\"  rel=\"nofollow\">\n                                    En savoir plus ...                                    <span class=\"tpe-highlight-link-icon\"><svg aria-hidden=\"true\" class=\"e-font-icon-svg e-fas-arrow-alt-circle-right\" viewBox=\"0 0 512 512\" xmlns=\"http:\/\/www.w3.org\/2000\/svg\"><path d=\"M256 8c137 0 248 111 248 248S393 504 256 504 8 393 8 256 119 8 256 8zM140 300h116v70.9c0 10.7 13 16.1 20.5 8.5l114.3-114.9c4.7-4.7 4.7-12.2 0-16.9l-114.3-115c-7.6-7.6-20.5-2.2-20.5 8.5V212H140c-6.6 0-12 5.4-12 12v64c0 6.6 5.4 12 12 12z\"><\/path><\/svg><\/span>\n                                <\/a>\n                            <\/div>\n                                            <\/div>\n                <\/div>\n                        <\/div>\n        \t\t\t\t<\/div>\n\t\t\t\t<\/div>\n\t\t\t\t<\/div>\n\t\t<div class=\"elementor-element elementor-element-7d6e447 e-con-full e-flex e-con e-child\" data-id=\"7d6e447\" data-element_type=\"container\" data-e-type=\"container\">\n\t\t\t\t<div class=\"elementor-element elementor-element-e285c69 elementor-widget elementor-widget-total-plus-highlight-block\" data-id=\"e285c69\" data-element_type=\"widget\" data-e-type=\"widget\" data-widget_type=\"total-plus-highlight-block.default\">\n\t\t\t\t<div class=\"elementor-widget-container\">\n\t\t\t\t\t        <div class=\"tpe-highlight-post tpe-style2 tpe-custom-height\">\n                            <div class=\"tpe-highlight-image\">\n                    <img decoding=\"async\" width=\"1800\" height=\"1200\" src=\"https:\/\/www.mcl-menuiseries.com\/22\/wp-content\/uploads\/2024\/12\/Slide6-MCL-isolation-rails-cloisons-seches.jpg\" class=\"attachment-full size-full wp-image-1195\" alt=\"\" srcset=\"https:\/\/www.mcl-menuiseries.com\/22\/wp-content\/uploads\/2024\/12\/Slide6-MCL-isolation-rails-cloisons-seches.jpg 1800w, https:\/\/www.mcl-menuiseries.com\/22\/wp-content\/uploads\/2024\/12\/Slide6-MCL-isolation-rails-cloisons-seches-300x200.jpg 300w, https:\/\/www.mcl-menuiseries.com\/22\/wp-content\/uploads\/2024\/12\/Slide6-MCL-isolation-rails-cloisons-seches-1024x683.jpg 1024w, https:\/\/www.mcl-menuiseries.com\/22\/wp-content\/uploads\/2024\/12\/Slide6-MCL-isolation-rails-cloisons-seches-768x512.jpg 768w, https:\/\/www.mcl-menuiseries.com\/22\/wp-content\/uploads\/2024\/12\/Slide6-MCL-isolation-rails-cloisons-seches-1536x1024.jpg 1536w\" sizes=\"(max-width: 1800px) 100vw, 1800px\" \/>                <\/div>\n                <div class=\"tpe-highlight-title-wrap\">\n                    <div class=\"tpe-highlight-title-inner\">\n                        <div class=\"tpe-highlight-icon\">\n                            <i aria-hidden=\"true\" class=\"icofont icofont-drill\"><\/i>                        <\/div>\n                        <h5 class=\"tpe-highlight-title\">R\u00e9novation \u00e9nerg\u00e9tique &amp; Isolation<\/h5>\n                    <\/div>\n                <\/div>\n\n                <div class=\"tpe-highlight-hover\">\n                                            <div class=\"tpe-highlight-icon\">\n                            <i aria-hidden=\"true\" class=\"icofont icofont-drill\"><\/i>                        <\/div>\n                        <h5 class=\"tpe-highlight-title\">R\u00e9novation \u00e9nerg\u00e9tique &amp; Isolation<\/h5>\n                    \n                    <div class=\"tpe-highlight-hover-inner\">\n                        <div class=\"tpe-highlight-excerpt\">\n                            MCL excelle dans l'application de solutions d'isolation avanc\u00e9es pour am\u00e9liorer l'efficacit\u00e9 \u00e9nerg\u00e9tique des b\u00e2timents, murs, combles ou planchers.                        <\/div>\n\n                                                    <div class=\"tpe-highlight-link\">\n                                <a href=\"https:\/\/www.mcl-menuiseries.com\/22\/renovation-energetique-isolation\/\"  rel=\"nofollow\">\n                                    En savoir plus ...                                    <span class=\"tpe-highlight-link-icon\"><svg aria-hidden=\"true\" class=\"e-font-icon-svg e-fas-arrow-alt-circle-right\" viewBox=\"0 0 512 512\" xmlns=\"http:\/\/www.w3.org\/2000\/svg\"><path d=\"M256 8c137 0 248 111 248 248S393 504 256 504 8 393 8 256 119 8 256 8zM140 300h116v70.9c0 10.7 13 16.1 20.5 8.5l114.3-114.9c4.7-4.7 4.7-12.2 0-16.9l-114.3-115c-7.6-7.6-20.5-2.2-20.5 8.5V212H140c-6.6 0-12 5.4-12 12v64c0 6.6 5.4 12 12 12z\"><\/path><\/svg><\/span>\n                                <\/a>\n                            <\/div>\n                                            <\/div>\n                <\/div>\n                        <\/div>\n        \t\t\t\t<\/div>\n\t\t\t\t<\/div>\n\t\t\t\t<\/div>\n\t\t<div class=\"elementor-element elementor-element-741f85d e-con-full e-flex e-con e-child\" data-id=\"741f85d\" data-element_type=\"container\" data-e-type=\"container\">\n\t\t\t\t<div class=\"elementor-element elementor-element-4b5e4b0 elementor-widget elementor-widget-total-plus-highlight-block\" data-id=\"4b5e4b0\" data-element_type=\"widget\" data-e-type=\"widget\" data-widget_type=\"total-plus-highlight-block.default\">\n\t\t\t\t<div class=\"elementor-widget-container\">\n\t\t\t\t\t        <div class=\"tpe-highlight-post tpe-style2 tpe-custom-height\">\n                            <div class=\"tpe-highlight-image\">\n                    <img decoding=\"async\" width=\"1800\" height=\"1200\" src=\"https:\/\/www.mcl-menuiseries.com\/22\/wp-content\/uploads\/2024\/12\/Slide7-MCL-parquet-bois.jpg\" class=\"attachment-full size-full wp-image-1196\" alt=\"\" srcset=\"https:\/\/www.mcl-menuiseries.com\/22\/wp-content\/uploads\/2024\/12\/Slide7-MCL-parquet-bois.jpg 1800w, https:\/\/www.mcl-menuiseries.com\/22\/wp-content\/uploads\/2024\/12\/Slide7-MCL-parquet-bois-300x200.jpg 300w, https:\/\/www.mcl-menuiseries.com\/22\/wp-content\/uploads\/2024\/12\/Slide7-MCL-parquet-bois-1024x683.jpg 1024w, https:\/\/www.mcl-menuiseries.com\/22\/wp-content\/uploads\/2024\/12\/Slide7-MCL-parquet-bois-768x512.jpg 768w, https:\/\/www.mcl-menuiseries.com\/22\/wp-content\/uploads\/2024\/12\/Slide7-MCL-parquet-bois-1536x1024.jpg 1536w\" sizes=\"(max-width: 1800px) 100vw, 1800px\" \/>                <\/div>\n                <div class=\"tpe-highlight-title-wrap\">\n                    <div class=\"tpe-highlight-title-inner\">\n                        <div class=\"tpe-highlight-icon\">\n                            <i aria-hidden=\"true\" class=\"icofont icofont-calculations\"><\/i>                        <\/div>\n                        <h5 class=\"tpe-highlight-title\">Menuiseries int\u00e9rieures &amp; ext\u00e9rieures<\/h5>\n                    <\/div>\n                <\/div>\n\n                <div class=\"tpe-highlight-hover\">\n                                            <div class=\"tpe-highlight-icon\">\n                            <i aria-hidden=\"true\" class=\"icofont icofont-calculations\"><\/i>                        <\/div>\n                        <h5 class=\"tpe-highlight-title\">Menuiseries int\u00e9rieures &amp; ext\u00e9rieures<\/h5>\n                    \n                    <div class=\"tpe-highlight-hover-inner\">\n                        <div class=\"tpe-highlight-excerpt\">\n                            MCL r\u00e9pond \u00e0 toutes vos demandes concernant la pose de menuiseries : placard, escalier, dressing, pour votre int\u00e9rieur ; terrasse, pergola, portail, pour votre ext\u00e9rieur.                        <\/div>\n\n                                                    <div class=\"tpe-highlight-link\">\n                                <a href=\"https:\/\/www.mcl-menuiseries.com\/22\/menuiseries-interieures-exterieures\/\"  rel=\"nofollow\">\n                                    En savoir plus ...                                    <span class=\"tpe-highlight-link-icon\"><svg aria-hidden=\"true\" class=\"e-font-icon-svg e-fas-arrow-alt-circle-right\" viewBox=\"0 0 512 512\" xmlns=\"http:\/\/www.w3.org\/2000\/svg\"><path d=\"M256 8c137 0 248 111 248 248S393 504 256 504 8 393 8 256 119 8 256 8zM140 300h116v70.9c0 10.7 13 16.1 20.5 8.5l114.3-114.9c4.7-4.7 4.7-12.2 0-16.9l-114.3-115c-7.6-7.6-20.5-2.2-20.5 8.5V212H140c-6.6 0-12 5.4-12 12v64c0 6.6 5.4 12 12 12z\"><\/path><\/svg><\/span>\n                                <\/a>\n                            <\/div>\n                                            <\/div>\n                <\/div>\n                        <\/div>\n        \t\t\t\t<\/div>\n\t\t\t\t<\/div>\n\t\t\t\t<\/div>\n\t\t\t\t\t<\/div>\n\t\t\t\t<\/div>\n\t\t\t\t<\/div>\n\t\t","protected":false},"excerpt":{"rendered":"<p>Charpente &amp; Ossature bois Charpente &amp; Ossature bois Le savoir-faire en charpente et ossature bois de MCL s&rsquo;\u00e9tend de la r\u00e9novation \u00e0 la cr\u00e9ation pour toutes structures robustes, esth\u00e9tiques et durables. En savoir plus &#8230; R\u00e9novation \u00e9nerg\u00e9tique &amp; Isolation R\u00e9novation \u00e9nerg\u00e9tique &amp; Isolation MCL excelle dans l&rsquo;application de solutions d&rsquo;isolation avanc\u00e9es pour am\u00e9liorer l&rsquo;efficacit\u00e9 \u00e9nerg\u00e9tique [&hellip;]<\/p>\n","protected":false},"author":1,"featured_media":0,"parent":0,"menu_order":0,"comment_status":"closed","ping_status":"closed","template":"","meta":{"footnotes":""},"class_list":["post-356","page","type-page","status-publish","hentry"],"_links":{"self":[{"href":"https:\/\/www.mcl-menuiseries.com\/22\/wp-json\/wp\/v2\/pages\/356","targetHints":{"allow":["GET"]}}],"collection":[{"href":"https:\/\/www.mcl-menuiseries.com\/22\/wp-json\/wp\/v2\/pages"}],"about":[{"href":"https:\/\/www.mcl-menuiseries.com\/22\/wp-json\/wp\/v2\/types\/page"}],"author":[{"embeddable":true,"href":"https:\/\/www.mcl-menuiseries.com\/22\/wp-json\/wp\/v2\/users\/1"}],"replies":[{"embeddable":true,"href":"https:\/\/www.mcl-menuiseries.com\/22\/wp-json\/wp\/v2\/comments?post=356"}],"version-history":[{"count":13,"href":"https:\/\/www.mcl-menuiseries.com\/22\/wp-json\/wp\/v2\/pages\/356\/revisions"}],"predecessor-version":[{"id":1356,"href":"https:\/\/www.mcl-menuiseries.com\/22\/wp-json\/wp\/v2\/pages\/356\/revisions\/1356"}],"wp:attachment":[{"href":"https:\/\/www.mcl-menuiseries.com\/22\/wp-json\/wp\/v2\/media?parent=356"}],"curies":[{"name":"wp","href":"https:\/\/api.w.org\/{rel}","templated":true}]}}