{"id":360,"date":"2024-12-09T16:16:28","date_gmt":"2024-12-09T15:16:28","guid":{"rendered":"https:\/\/demo.hashthemes.com\/total-plus\/construction\/?page_id=360"},"modified":"2024-12-13T13:09:56","modified_gmt":"2024-12-13T12:09:56","slug":"realisations","status":"publish","type":"page","link":"https:\/\/www.mcl-menuiseries.com\/22\/realisations\/","title":{"rendered":"R\u00e9alisations"},"content":{"rendered":"\t\t<div data-elementor-type=\"wp-page\" data-elementor-id=\"360\" class=\"elementor elementor-360\">\n\t\t\t\t<div class=\"elementor-element elementor-element-0c26fe4 e-flex e-con-boxed e-con e-parent\" data-id=\"0c26fe4\" data-element_type=\"container\" data-e-type=\"container\">\n\t\t\t\t\t<div class=\"e-con-inner\">\n\t\t\t\t<div class=\"elementor-element elementor-element-35508a0 elementor-widget elementor-widget-total-plus-portfolio-masonry\" data-id=\"35508a0\" data-element_type=\"widget\" data-e-type=\"widget\" data-widget_type=\"total-plus-portfolio-masonry.default\">\n\t\t\t\t<div class=\"elementor-widget-container\">\n\t\t\t\t\t        <div class=\"tpe-portfolio-masonary-wrap\">\n\n                        <div class=\"tpe-portfolio-cat-name-list tpe-style2 tpe-tab-center\">\n                <div class=\"tpe-portfolio-cat-name-flex\">\n                    <div class=\"tpe-portfolio-switch\">\n                        <i class=\"essentialicon-menu-4\"><\/i>\n                    <\/div>\n\n                    <div class=\"tpe-portfolio-cat-wrap\" data-active=\".totalplus-portfolio-14\">\n                                                        <div class=\"tpe-portfolio-cat-name\" data-filter=\".totalplus-portfolio-6\">\n                                    Charpente                                <\/div>\n                                                                <div class=\"tpe-portfolio-cat-name\" data-filter=\".totalplus-portfolio-7\">\n                                    Ossature bois                                <\/div>\n                                                                <div class=\"tpe-portfolio-cat-name\" data-filter=\".totalplus-portfolio-8\">\n                                    Isolation                                <\/div>\n                                                                <div class=\"tpe-portfolio-cat-name\" data-filter=\".totalplus-portfolio-9\">\n                                    Menuiserie int\u00e9rieure                                <\/div>\n                                                                <div class=\"tpe-portfolio-cat-name\" data-filter=\".totalplus-portfolio-10\">\n                                    Menuiserie ext\u00e9rieure                                <\/div>\n                                                                <div class=\"tpe-portfolio-cat-name\" data-filter=\".totalplus-portfolio-14\">\n                                    Tout                                <\/div>\n                                                    <\/div>\n                <\/div>\n            <\/div>\n            \n            <div class=\"tpe-portfolio-post-wrap tpe-style3\">\n                <div class=\"tpe-portfolio-posts-container\">\n                    <div class=\"tpe-portfolio-posts tpe-portfolio-posts-35508a0\" style=\"margin:-10px\">\n                                                            <div class=\"tpe-portfolio totalplus-portfolio-8 totalplus-portfolio-14\">\n                                        <div class=\"tpe-portfolio-outer-wrap\" style=\"margin:10px\">\n                                            <div class=\"tpe-portfolio-wrap\" style=\"background-image: url(https:\/\/www.mcl-menuiseries.com\/22\/wp-content\/uploads\/2024\/12\/MCL-ITE-1.jpg);\">\n                                                <div class=\"tpe-portfolio-caption\">\n                                                                                                        <h5 class=\"tpe-portfolio-title\">\n                                                        <a target=\"_self\" href=\"https:\/\/www.mcl-menuiseries.com\/22\/portfolio\/ite-isolation-thermique-exterieure\/\">ITE &#8211; Isolation Thermique Ext\u00e9rieure<\/a>                                                    <\/h5>\n\n                                                                                                            <a target=\"_self\" class=\"tpe-portfolio-link\" href=\"https:\/\/www.mcl-menuiseries.com\/22\/portfolio\/ite-isolation-thermique-exterieure\/\"><i class=\"icofont-link\"><\/i><\/a>\n                                                    \n                                                                                                    <\/div>\n                                            <\/div>\n                                        <\/div>\n                                    <\/div>\n                                                                        <div class=\"tpe-portfolio totalplus-portfolio-8 totalplus-portfolio-15 totalplus-portfolio-14\">\n                                        <div class=\"tpe-portfolio-outer-wrap\" style=\"margin:10px\">\n                                            <div class=\"tpe-portfolio-wrap\" style=\"background-image: url(https:\/\/www.mcl-menuiseries.com\/22\/wp-content\/uploads\/2024\/12\/MCL-isolation-murs-plafond-1024x683.jpg);\">\n                                                <div class=\"tpe-portfolio-caption\">\n                                                                                                        <h5 class=\"tpe-portfolio-title\">\n                                                        <a target=\"_self\" href=\"https:\/\/www.mcl-menuiseries.com\/22\/portfolio\/isolation-interieure\/\">Isolation int\u00e9rieure<\/a>                                                    <\/h5>\n\n                                                                                                            <a target=\"_self\" class=\"tpe-portfolio-link\" href=\"https:\/\/www.mcl-menuiseries.com\/22\/portfolio\/isolation-interieure\/\"><i class=\"icofont-link\"><\/i><\/a>\n                                                    \n                                                                                                    <\/div>\n                                            <\/div>\n                                        <\/div>\n                                    <\/div>\n                                                                        <div class=\"tpe-portfolio totalplus-portfolio-8 totalplus-portfolio-14\">\n                                        <div class=\"tpe-portfolio-outer-wrap\" style=\"margin:10px\">\n                                            <div class=\"tpe-portfolio-wrap\" style=\"background-image: url(https:\/\/www.mcl-menuiseries.com\/22\/wp-content\/uploads\/2024\/12\/MCL-cloisons-seches-0-1024x683.jpg);\">\n                                                <div class=\"tpe-portfolio-caption\">\n                                                                                                        <h5 class=\"tpe-portfolio-title\">\n                                                        <a target=\"_self\" href=\"https:\/\/www.mcl-menuiseries.com\/22\/portfolio\/isolation-interieure-cloisons-seches\/\">Isolation int\u00e9rieure, cloisons s\u00e8ches<\/a>                                                    <\/h5>\n\n                                                                                                            <a target=\"_self\" class=\"tpe-portfolio-link\" href=\"https:\/\/www.mcl-menuiseries.com\/22\/portfolio\/isolation-interieure-cloisons-seches\/\"><i class=\"icofont-link\"><\/i><\/a>\n                                                    \n                                                                                                    <\/div>\n                                            <\/div>\n                                        <\/div>\n                                    <\/div>\n                                                                        <div class=\"tpe-portfolio totalplus-portfolio-7 totalplus-portfolio-15 totalplus-portfolio-14\">\n                                        <div class=\"tpe-portfolio-outer-wrap\" style=\"margin:10px\">\n                                            <div class=\"tpe-portfolio-wrap\" style=\"background-image: url(https:\/\/www.mcl-menuiseries.com\/22\/wp-content\/uploads\/2024\/12\/Slide4-MCL-murs-ossature-bois-1024x683.jpg);\">\n                                                <div class=\"tpe-portfolio-caption\">\n                                                                                                        <h5 class=\"tpe-portfolio-title\">\n                                                        <a target=\"_self\" href=\"https:\/\/www.mcl-menuiseries.com\/22\/portfolio\/ossature-bois\/\">Ossature bois<\/a>                                                    <\/h5>\n\n                                                                                                            <a target=\"_self\" class=\"tpe-portfolio-link\" href=\"https:\/\/www.mcl-menuiseries.com\/22\/portfolio\/ossature-bois\/\"><i class=\"icofont-link\"><\/i><\/a>\n                                                    \n                                                                                                    <\/div>\n                                            <\/div>\n                                        <\/div>\n                                    <\/div>\n                                                                        <div class=\"tpe-portfolio totalplus-portfolio-6 totalplus-portfolio-15 totalplus-portfolio-14\">\n                                        <div class=\"tpe-portfolio-outer-wrap\" style=\"margin:10px\">\n                                            <div class=\"tpe-portfolio-wrap\" style=\"background-image: url(https:\/\/www.mcl-menuiseries.com\/22\/wp-content\/uploads\/2024\/12\/MCL-charpente-traditionnelle-2-683x1024.jpg);\">\n                                                <div class=\"tpe-portfolio-caption\">\n                                                                                                        <h5 class=\"tpe-portfolio-title\">\n                                                        <a target=\"_self\" href=\"https:\/\/www.mcl-menuiseries.com\/22\/portfolio\/charpente-traditionnelle\/\">Charpente traditionnelle<\/a>                                                    <\/h5>\n\n                                                                                                            <a target=\"_self\" class=\"tpe-portfolio-link\" href=\"https:\/\/www.mcl-menuiseries.com\/22\/portfolio\/charpente-traditionnelle\/\"><i class=\"icofont-link\"><\/i><\/a>\n                                                    \n                                                                                                    <\/div>\n                                            <\/div>\n                                        <\/div>\n                                    <\/div>\n                                                                        <div class=\"tpe-portfolio totalplus-portfolio-6 totalplus-portfolio-14\">\n                                        <div class=\"tpe-portfolio-outer-wrap\" style=\"margin:10px\">\n                                            <div class=\"tpe-portfolio-wrap\" style=\"background-image: url(https:\/\/www.mcl-menuiseries.com\/22\/wp-content\/uploads\/2024\/12\/MCL-charpente-chien-assis-4.jpg);\">\n                                                <div class=\"tpe-portfolio-caption\">\n                                                                                                        <h5 class=\"tpe-portfolio-title\">\n                                                        <a target=\"_self\" href=\"https:\/\/www.mcl-menuiseries.com\/22\/portfolio\/charpente-chien-assis\/\">Charpente chien assis<\/a>                                                    <\/h5>\n\n                                                                                                            <a target=\"_self\" class=\"tpe-portfolio-link\" href=\"https:\/\/www.mcl-menuiseries.com\/22\/portfolio\/charpente-chien-assis\/\"><i class=\"icofont-link\"><\/i><\/a>\n                                                    \n                                                                                                    <\/div>\n                                            <\/div>\n                                        <\/div>\n                                    <\/div>\n                                                                        <div class=\"tpe-portfolio totalplus-portfolio-10 totalplus-portfolio-14\">\n                                        <div class=\"tpe-portfolio-outer-wrap\" style=\"margin:10px\">\n                                            <div class=\"tpe-portfolio-wrap\" style=\"background-image: url(https:\/\/www.mcl-menuiseries.com\/22\/wp-content\/uploads\/2024\/12\/MCL-portail-coulissant-motorise-avec-digicode-1024x683.jpg);\">\n                                                <div class=\"tpe-portfolio-caption\">\n                                                                                                        <h5 class=\"tpe-portfolio-title\">\n                                                        <a target=\"_self\" href=\"https:\/\/www.mcl-menuiseries.com\/22\/portfolio\/portails-clotures-et-portes-de-garage\/\">Portails, cl\u00f4tures et portes de garage<\/a>                                                    <\/h5>\n\n                                                                                                            <a target=\"_self\" class=\"tpe-portfolio-link\" href=\"https:\/\/www.mcl-menuiseries.com\/22\/portfolio\/portails-clotures-et-portes-de-garage\/\"><i class=\"icofont-link\"><\/i><\/a>\n                                                    \n                                                                                                    <\/div>\n                                            <\/div>\n                                        <\/div>\n                                    <\/div>\n                                                                        <div class=\"tpe-portfolio totalplus-portfolio-10 totalplus-portfolio-14\">\n                                        <div class=\"tpe-portfolio-outer-wrap\" style=\"margin:10px\">\n                                            <div class=\"tpe-portfolio-wrap\" style=\"background-image: url(https:\/\/www.mcl-menuiseries.com\/22\/wp-content\/uploads\/2024\/12\/MCL-renovation-menuiseries-ext-4-1024x683.jpg);\">\n                                                <div class=\"tpe-portfolio-caption\">\n                                                                                                        <h5 class=\"tpe-portfolio-title\">\n                                                        <a target=\"_self\" href=\"https:\/\/www.mcl-menuiseries.com\/22\/portfolio\/portes-et-fenetres-sur-longere\/\">Portes et fen\u00eatres sur long\u00e8re<\/a>                                                    <\/h5>\n\n                                                                                                            <a target=\"_self\" class=\"tpe-portfolio-link\" href=\"https:\/\/www.mcl-menuiseries.com\/22\/portfolio\/portes-et-fenetres-sur-longere\/\"><i class=\"icofont-link\"><\/i><\/a>\n                                                    \n                                                                                                    <\/div>\n                                            <\/div>\n                                        <\/div>\n                                    <\/div>\n                                                                        <div class=\"tpe-portfolio totalplus-portfolio-10 totalplus-portfolio-15 totalplus-portfolio-14\">\n                                        <div class=\"tpe-portfolio-outer-wrap\" style=\"margin:10px\">\n                                            <div class=\"tpe-portfolio-wrap\" style=\"background-image: url(https:\/\/www.mcl-menuiseries.com\/22\/wp-content\/uploads\/2024\/12\/MCL-renovation-menuiseries-ext-1-1024x683.jpg);\">\n                                                <div class=\"tpe-portfolio-caption\">\n                                                                                                        <h5 class=\"tpe-portfolio-title\">\n                                                        <a target=\"_self\" href=\"https:\/\/www.mcl-menuiseries.com\/22\/portfolio\/portes-fenetres-et-volets\/\">Portes, fen\u00eatres et volets<\/a>                                                    <\/h5>\n\n                                                                                                            <a target=\"_self\" class=\"tpe-portfolio-link\" href=\"https:\/\/www.mcl-menuiseries.com\/22\/portfolio\/portes-fenetres-et-volets\/\"><i class=\"icofont-link\"><\/i><\/a>\n                                                    \n                                                                                                    <\/div>\n                                            <\/div>\n                                        <\/div>\n                                    <\/div>\n                                                                        <div class=\"tpe-portfolio totalplus-portfolio-9 totalplus-portfolio-15 totalplus-portfolio-14\">\n                                        <div class=\"tpe-portfolio-outer-wrap\" style=\"margin:10px\">\n                                            <div class=\"tpe-portfolio-wrap\" style=\"background-image: url(https:\/\/www.mcl-menuiseries.com\/22\/wp-content\/uploads\/2024\/12\/MCL-parquet-bois-1-1024x683.jpg);\">\n                                                <div class=\"tpe-portfolio-caption\">\n                                                                                                        <h5 class=\"tpe-portfolio-title\">\n                                                        <a target=\"_self\" href=\"https:\/\/www.mcl-menuiseries.com\/22\/portfolio\/parquets-bois\/\">Parquets bois<\/a>                                                    <\/h5>\n\n                                                                                                            <a target=\"_self\" class=\"tpe-portfolio-link\" href=\"https:\/\/www.mcl-menuiseries.com\/22\/portfolio\/parquets-bois\/\"><i class=\"icofont-link\"><\/i><\/a>\n                                                    \n                                                                                                    <\/div>\n                                            <\/div>\n                                        <\/div>\n                                    <\/div>\n                                                                        <div class=\"tpe-portfolio totalplus-portfolio-9 totalplus-portfolio-14\">\n                                        <div class=\"tpe-portfolio-outer-wrap\" style=\"margin:10px\">\n                                            <div class=\"tpe-portfolio-wrap\" style=\"background-image: url(https:\/\/www.mcl-menuiseries.com\/22\/wp-content\/uploads\/2024\/12\/MCL-escalier-fer-et-marches-chene-1024x683.jpg);\">\n                                                <div class=\"tpe-portfolio-caption\">\n                                                                                                        <h5 class=\"tpe-portfolio-title\">\n                                                        <a target=\"_self\" href=\"https:\/\/www.mcl-menuiseries.com\/22\/portfolio\/escaliers\/\">Escaliers<\/a>                                                    <\/h5>\n\n                                                                                                            <a target=\"_self\" class=\"tpe-portfolio-link\" href=\"https:\/\/www.mcl-menuiseries.com\/22\/portfolio\/escaliers\/\"><i class=\"icofont-link\"><\/i><\/a>\n                                                    \n                                                                                                    <\/div>\n                                            <\/div>\n                                        <\/div>\n                                    <\/div>\n                                                                        <div class=\"tpe-portfolio totalplus-portfolio-9 totalplus-portfolio-14\">\n                                        <div class=\"tpe-portfolio-outer-wrap\" style=\"margin:10px\">\n                                            <div class=\"tpe-portfolio-wrap\" style=\"background-image: url(https:\/\/www.mcl-menuiseries.com\/22\/wp-content\/uploads\/2024\/12\/MCL-placard-coulissant-3-1024x683.jpg);\">\n                                                <div class=\"tpe-portfolio-caption\">\n                                                                                                        <h5 class=\"tpe-portfolio-title\">\n                                                        <a target=\"_self\" href=\"https:\/\/www.mcl-menuiseries.com\/22\/portfolio\/placards\/\">Placards<\/a>                                                    <\/h5>\n\n                                                                                                            <a target=\"_self\" class=\"tpe-portfolio-link\" href=\"https:\/\/www.mcl-menuiseries.com\/22\/portfolio\/placards\/\"><i class=\"icofont-link\"><\/i><\/a>\n                                                    \n                                                                                                    <\/div>\n                                            <\/div>\n                                        <\/div>\n                                    <\/div>\n                                                        <\/div>\n                <\/div>\n            <\/div>\n        <\/div>\n        \t\t\t\t<\/div>\n\t\t\t\t<\/div>\n\t\t\t\t\t<\/div>\n\t\t\t\t<\/div>\n\t\t\t\t<\/div>\n\t\t","protected":false},"excerpt":{"rendered":"<p>Charpente Ossature bois Isolation Menuiserie int\u00e9rieure Menuiserie ext\u00e9rieure Tout ITE &#8211; Isolation Thermique Ext\u00e9rieure Isolation int\u00e9rieure Isolation int\u00e9rieure, cloisons s\u00e8ches Ossature bois Charpente traditionnelle Charpente chien assis Portails, cl\u00f4tures et portes de garage Portes et fen\u00eatres sur long\u00e8re Portes, fen\u00eatres et volets Parquets bois Escaliers Placards<\/p>\n","protected":false},"author":1,"featured_media":0,"parent":0,"menu_order":0,"comment_status":"closed","ping_status":"closed","template":"","meta":{"footnotes":""},"class_list":["post-360","page","type-page","status-publish","hentry"],"_links":{"self":[{"href":"https:\/\/www.mcl-menuiseries.com\/22\/wp-json\/wp\/v2\/pages\/360","targetHints":{"allow":["GET"]}}],"collection":[{"href":"https:\/\/www.mcl-menuiseries.com\/22\/wp-json\/wp\/v2\/pages"}],"about":[{"href":"https:\/\/www.mcl-menuiseries.com\/22\/wp-json\/wp\/v2\/types\/page"}],"author":[{"embeddable":true,"href":"https:\/\/www.mcl-menuiseries.com\/22\/wp-json\/wp\/v2\/users\/1"}],"replies":[{"embeddable":true,"href":"https:\/\/www.mcl-menuiseries.com\/22\/wp-json\/wp\/v2\/comments?post=360"}],"version-history":[{"count":25,"href":"https:\/\/www.mcl-menuiseries.com\/22\/wp-json\/wp\/v2\/pages\/360\/revisions"}],"predecessor-version":[{"id":1721,"href":"https:\/\/www.mcl-menuiseries.com\/22\/wp-json\/wp\/v2\/pages\/360\/revisions\/1721"}],"wp:attachment":[{"href":"https:\/\/www.mcl-menuiseries.com\/22\/wp-json\/wp\/v2\/media?parent=360"}],"curies":[{"name":"wp","href":"https:\/\/api.w.org\/{rel}","templated":true}]}}