{"id":441,"date":"2024-12-09T18:00:26","date_gmt":"2024-12-09T17:00:26","guid":{"rendered":"https:\/\/demo.hashthemes.com\/total-plus\/construction\/?page_id=441"},"modified":"2024-12-13T12:23:57","modified_gmt":"2024-12-13T11:23:57","slug":"menuiseries-interieures-exterieures","status":"publish","type":"page","link":"https:\/\/www.mcl-menuiseries.com\/22\/activites\/menuiseries-interieures-exterieures\/","title":{"rendered":"Menuiseries int\u00e9rieures &#038; ext\u00e9rieures"},"content":{"rendered":"\t\t<div data-elementor-type=\"wp-page\" data-elementor-id=\"441\" class=\"elementor elementor-441\">\n\t\t\t\t<div class=\"elementor-element elementor-element-7b45b6d e-con-full e-flex e-con e-parent\" data-id=\"7b45b6d\" data-element_type=\"container\" data-e-type=\"container\">\n\t\t<div class=\"elementor-element elementor-element-8150dfb e-con-full e-flex e-con e-child\" data-id=\"8150dfb\" data-element_type=\"container\" data-e-type=\"container\">\n\t\t\t\t<div class=\"elementor-element elementor-element-9722392 elementor-widget elementor-widget-image\" data-id=\"9722392\" data-element_type=\"widget\" data-e-type=\"widget\" data-widget_type=\"image.default\">\n\t\t\t\t<div class=\"elementor-widget-container\">\n\t\t\t\t\t\t\t\t\t\t\t\t\t\t\t<img fetchpriority=\"high\" decoding=\"async\" width=\"1800\" height=\"1200\" src=\"https:\/\/www.mcl-menuiseries.com\/22\/wp-content\/uploads\/2024\/12\/Slide7-MCL-parquet-bois.jpg\" class=\"attachment-full size-full wp-image-1196\" alt=\"\" srcset=\"https:\/\/www.mcl-menuiseries.com\/22\/wp-content\/uploads\/2024\/12\/Slide7-MCL-parquet-bois.jpg 1800w, https:\/\/www.mcl-menuiseries.com\/22\/wp-content\/uploads\/2024\/12\/Slide7-MCL-parquet-bois-300x200.jpg 300w, https:\/\/www.mcl-menuiseries.com\/22\/wp-content\/uploads\/2024\/12\/Slide7-MCL-parquet-bois-1024x683.jpg 1024w, https:\/\/www.mcl-menuiseries.com\/22\/wp-content\/uploads\/2024\/12\/Slide7-MCL-parquet-bois-768x512.jpg 768w, https:\/\/www.mcl-menuiseries.com\/22\/wp-content\/uploads\/2024\/12\/Slide7-MCL-parquet-bois-1536x1024.jpg 1536w\" sizes=\"(max-width: 1800px) 100vw, 1800px\" \/>\t\t\t\t\t\t\t\t\t\t\t\t\t\t\t<\/div>\n\t\t\t\t<\/div>\n\t\t\t\t<\/div>\n\t\t\t\t<\/div>\n\t\t<div class=\"elementor-element elementor-element-94cb0fd e-flex e-con-boxed e-con e-parent\" data-id=\"94cb0fd\" data-element_type=\"container\" data-e-type=\"container\">\n\t\t\t\t\t<div class=\"e-con-inner\">\n\t\t\t\t<div class=\"elementor-element elementor-element-8eb3dc0 elementor-widget elementor-widget-heading\" data-id=\"8eb3dc0\" data-element_type=\"widget\" data-e-type=\"widget\" data-widget_type=\"heading.default\">\n\t\t\t\t<div class=\"elementor-widget-container\">\n\t\t\t\t\t<h3 class=\"elementor-heading-title elementor-size-default\">Menuiseries int\u00e9rieures<\/h3>\t\t\t\t<\/div>\n\t\t\t\t<\/div>\n\t\t\t\t<div class=\"elementor-element elementor-element-290ffee elementor-widget elementor-widget-text-editor\" data-id=\"290ffee\" data-element_type=\"widget\" data-e-type=\"widget\" data-widget_type=\"text-editor.default\">\n\t\t\t\t<div class=\"elementor-widget-container\">\n\t\t\t\t\t\t\t\t\t<p>MCL est sp\u00e9cialis\u00e9e dans la fourniture et la pose de menuiseries int\u00e9rieures de haute qualit\u00e9. L&rsquo;entreprise propose une gamme compl\u00e8te de produits pour embellir et optimiser les espaces int\u00e9rieurs.<\/p><p><strong>Portes, fen\u00eatres, volets :<\/strong> <strong>MCL<\/strong> offre une s\u00e9lection vari\u00e9e de portes, fen\u00eatres et volets adapt\u00e9s \u00e0 tous les styles architecturaux. Des mod\u00e8les classiques aux designs contemporains, en bois, aluminium ou PVC, chaque menuiserie est choisie pour son esth\u00e9tique, mais aussi pour ses performances thermiques et acoustiques. L&rsquo;installation est r\u00e9alis\u00e9e avec pr\u00e9cision pour assurer une \u00e9tanch\u00e9it\u00e9 parfaite et une int\u00e9gration harmonieuse dans votre int\u00e9rieur.<\/p><p><strong>Placards, dressings : MCL<\/strong> r\u00e9alise vos placards et dressings sur mesure, optimisant chaque espace pour un rangement fonctionnel et \u00e9l\u00e9gant.<\/p><p><strong>Escaliers :<\/strong> L&rsquo;entreprise con\u00e7oit, installe ou r\u00e9nove, des escaliers en bois qui deviennent de v\u00e9ritables pi\u00e8ces ma\u00eetresses de votre int\u00e9rieur.<\/p><p><strong>Parquets : MCL<\/strong> propose et pose des parquets en bois massif ou en stratifi\u00e9, avec un large choix d&rsquo;essences et de finitions.<\/p>\t\t\t\t\t\t\t\t<\/div>\n\t\t\t\t<\/div>\n\t\t\t\t\t<\/div>\n\t\t\t\t<\/div>\n\t\t<div class=\"elementor-element elementor-element-d6b46df e-flex e-con-boxed e-con e-parent\" data-id=\"d6b46df\" data-element_type=\"container\" data-e-type=\"container\">\n\t\t\t\t\t<div class=\"e-con-inner\">\n\t\t<div class=\"elementor-element elementor-element-7ce428b e-con-full e-flex e-con e-child\" data-id=\"7ce428b\" data-element_type=\"container\" data-e-type=\"container\">\n\t\t\t\t<div class=\"elementor-element elementor-element-4d72a13 elementor-widget elementor-widget-image\" data-id=\"4d72a13\" data-element_type=\"widget\" data-e-type=\"widget\" data-widget_type=\"image.default\">\n\t\t\t\t<div class=\"elementor-widget-container\">\n\t\t\t\t\t\t\t\t\t\t\t\t\t\t\t<img decoding=\"async\" width=\"1800\" height=\"1200\" src=\"https:\/\/www.mcl-menuiseries.com\/22\/wp-content\/uploads\/2024\/12\/MCL-portail-coulissant-motorise-1.jpg\" class=\"attachment-full size-full wp-image-1580\" alt=\"\" srcset=\"https:\/\/www.mcl-menuiseries.com\/22\/wp-content\/uploads\/2024\/12\/MCL-portail-coulissant-motorise-1.jpg 1800w, https:\/\/www.mcl-menuiseries.com\/22\/wp-content\/uploads\/2024\/12\/MCL-portail-coulissant-motorise-1-300x200.jpg 300w, https:\/\/www.mcl-menuiseries.com\/22\/wp-content\/uploads\/2024\/12\/MCL-portail-coulissant-motorise-1-1024x683.jpg 1024w, https:\/\/www.mcl-menuiseries.com\/22\/wp-content\/uploads\/2024\/12\/MCL-portail-coulissant-motorise-1-768x512.jpg 768w, https:\/\/www.mcl-menuiseries.com\/22\/wp-content\/uploads\/2024\/12\/MCL-portail-coulissant-motorise-1-1536x1024.jpg 1536w\" sizes=\"(max-width: 1800px) 100vw, 1800px\" \/>\t\t\t\t\t\t\t\t\t\t\t\t\t\t\t<\/div>\n\t\t\t\t<\/div>\n\t\t\t\t<\/div>\n\t\t<div class=\"elementor-element elementor-element-db2609c e-con-full e-flex e-con e-child\" data-id=\"db2609c\" data-element_type=\"container\" data-e-type=\"container\">\n\t\t\t\t<div class=\"elementor-element elementor-element-8d2f94b elementor-widget elementor-widget-heading\" data-id=\"8d2f94b\" data-element_type=\"widget\" data-e-type=\"widget\" data-widget_type=\"heading.default\">\n\t\t\t\t<div class=\"elementor-widget-container\">\n\t\t\t\t\t<h3 class=\"elementor-heading-title elementor-size-default\">Menuiseries ext\u00e9rieures<\/h3>\t\t\t\t<\/div>\n\t\t\t\t<\/div>\n\t\t\t\t<div class=\"elementor-element elementor-element-b360d60 elementor-widget elementor-widget-text-editor\" data-id=\"b360d60\" data-element_type=\"widget\" data-e-type=\"widget\" data-widget_type=\"text-editor.default\">\n\t\t\t\t<div class=\"elementor-widget-container\">\n\t\t\t\t\t\t\t\t\t<p><strong>Portails : MCL<\/strong> propose une vaste gamme de portails en bois, en aluminium ou en PVC, alliant esth\u00e9tique, robustesse et s\u00e9curit\u00e9. Chaque portail est con\u00e7u sur mesure pour s&rsquo;int\u00e9grer au style de votre habitation.<\/p><p><strong>Pergolas :<\/strong> L&rsquo;entreprise con\u00e7oit et installe des pergolas qui permettent de cr\u00e9er des espaces ext\u00e9rieurs ombrag\u00e9s et conviviaux. Qu&rsquo;elles soient adoss\u00e9es ou autoportantes, les pergolas de <strong>MCL<\/strong> sont fabriqu\u00e9es avec des mat\u00e9riaux de qualit\u00e9, garantissant durabilit\u00e9 et r\u00e9sistance aux intemp\u00e9ries.<\/p><p><strong>Terrasses : MCL<\/strong> r\u00e9alise des terrasses en bois, en composite ou carrel\u00e9es. Elles sont adapt\u00e9es \u00e0 tous les types de jardins et de configurations.<\/p><p><strong>Carports :<\/strong> Pour prot\u00e9ger les v\u00e9hicules des intemp\u00e9ries, <strong>MCL<\/strong> propose des carports sur mesure. Fabriqu\u00e9s avec des mat\u00e9riaux durables, ces abris apportent une solution pratique et \u00e9l\u00e9gante pour votre stationnement ext\u00e9rieur.<\/p>\t\t\t\t\t\t\t\t<\/div>\n\t\t\t\t<\/div>\n\t\t\t\t<\/div>\n\t\t\t\t\t<\/div>\n\t\t\t\t<\/div>\n\t\t\t\t<\/div>\n\t\t","protected":false},"excerpt":{"rendered":"<p>Menuiseries int\u00e9rieures MCL est sp\u00e9cialis\u00e9e dans la fourniture et la pose de menuiseries int\u00e9rieures de haute qualit\u00e9. L&rsquo;entreprise propose une gamme compl\u00e8te de produits pour embellir et optimiser les espaces int\u00e9rieurs. Portes, fen\u00eatres, volets : MCL offre une s\u00e9lection vari\u00e9e de portes, fen\u00eatres et volets adapt\u00e9s \u00e0 tous les styles architecturaux. Des mod\u00e8les classiques aux [&hellip;]<\/p>\n","protected":false},"author":1,"featured_media":0,"parent":356,"menu_order":0,"comment_status":"closed","ping_status":"closed","template":"","meta":{"footnotes":""},"class_list":["post-441","page","type-page","status-publish","hentry"],"_links":{"self":[{"href":"https:\/\/www.mcl-menuiseries.com\/22\/wp-json\/wp\/v2\/pages\/441","targetHints":{"allow":["GET"]}}],"collection":[{"href":"https:\/\/www.mcl-menuiseries.com\/22\/wp-json\/wp\/v2\/pages"}],"about":[{"href":"https:\/\/www.mcl-menuiseries.com\/22\/wp-json\/wp\/v2\/types\/page"}],"author":[{"embeddable":true,"href":"https:\/\/www.mcl-menuiseries.com\/22\/wp-json\/wp\/v2\/users\/1"}],"replies":[{"embeddable":true,"href":"https:\/\/www.mcl-menuiseries.com\/22\/wp-json\/wp\/v2\/comments?post=441"}],"version-history":[{"count":28,"href":"https:\/\/www.mcl-menuiseries.com\/22\/wp-json\/wp\/v2\/pages\/441\/revisions"}],"predecessor-version":[{"id":1718,"href":"https:\/\/www.mcl-menuiseries.com\/22\/wp-json\/wp\/v2\/pages\/441\/revisions\/1718"}],"up":[{"embeddable":true,"href":"https:\/\/www.mcl-menuiseries.com\/22\/wp-json\/wp\/v2\/pages\/356"}],"wp:attachment":[{"href":"https:\/\/www.mcl-menuiseries.com\/22\/wp-json\/wp\/v2\/media?parent=441"}],"curies":[{"name":"wp","href":"https:\/\/api.w.org\/{rel}","templated":true}]}}