{"id":445,"date":"2024-12-09T17:30:59","date_gmt":"2024-12-09T16:30:59","guid":{"rendered":"https:\/\/demo.hashthemes.com\/total-plus\/construction\/?page_id=445"},"modified":"2024-12-11T19:19:46","modified_gmt":"2024-12-11T18:19:46","slug":"renovation-energetique-isolation","status":"publish","type":"page","link":"https:\/\/www.mcl-menuiseries.com\/22\/activites\/renovation-energetique-isolation\/","title":{"rendered":"R\u00e9novation \u00e9nerg\u00e9tique &#038; isolation"},"content":{"rendered":"\t\t<div data-elementor-type=\"wp-page\" data-elementor-id=\"445\" class=\"elementor elementor-445\">\n\t\t\t\t<div class=\"elementor-element elementor-element-2d932a4 e-con-full e-flex e-con e-parent\" data-id=\"2d932a4\" data-element_type=\"container\" data-e-type=\"container\">\n\t\t<div class=\"elementor-element elementor-element-addf9f2 e-con-full e-flex e-con e-child\" data-id=\"addf9f2\" data-element_type=\"container\" data-e-type=\"container\">\n\t\t\t\t<div class=\"elementor-element elementor-element-9c20607 elementor-widget elementor-widget-image\" data-id=\"9c20607\" data-element_type=\"widget\" data-e-type=\"widget\" data-widget_type=\"image.default\">\n\t\t\t\t<div class=\"elementor-widget-container\">\n\t\t\t\t\t\t\t\t\t\t\t\t\t\t\t<img fetchpriority=\"high\" decoding=\"async\" width=\"1800\" height=\"1200\" src=\"https:\/\/www.mcl-menuiseries.com\/22\/wp-content\/uploads\/2024\/12\/Slide5-MCL-travaux-ITE-pignon.jpg\" class=\"attachment-full size-full wp-image-1525\" alt=\"\" srcset=\"https:\/\/www.mcl-menuiseries.com\/22\/wp-content\/uploads\/2024\/12\/Slide5-MCL-travaux-ITE-pignon.jpg 1800w, https:\/\/www.mcl-menuiseries.com\/22\/wp-content\/uploads\/2024\/12\/Slide5-MCL-travaux-ITE-pignon-300x200.jpg 300w, https:\/\/www.mcl-menuiseries.com\/22\/wp-content\/uploads\/2024\/12\/Slide5-MCL-travaux-ITE-pignon-1024x683.jpg 1024w, https:\/\/www.mcl-menuiseries.com\/22\/wp-content\/uploads\/2024\/12\/Slide5-MCL-travaux-ITE-pignon-768x512.jpg 768w, https:\/\/www.mcl-menuiseries.com\/22\/wp-content\/uploads\/2024\/12\/Slide5-MCL-travaux-ITE-pignon-1536x1024.jpg 1536w\" sizes=\"(max-width: 1800px) 100vw, 1800px\" \/>\t\t\t\t\t\t\t\t\t\t\t\t\t\t\t<\/div>\n\t\t\t\t<\/div>\n\t\t\t\t<\/div>\n\t\t\t\t<\/div>\n\t\t<div class=\"elementor-element elementor-element-45ab0d8 e-flex e-con-boxed e-con e-parent\" data-id=\"45ab0d8\" data-element_type=\"container\" data-e-type=\"container\">\n\t\t\t\t\t<div class=\"e-con-inner\">\n\t\t<div class=\"elementor-element elementor-element-0bc3615 e-con-full e-flex e-con e-child\" data-id=\"0bc3615\" data-element_type=\"container\" data-e-type=\"container\">\n\t\t\t\t<div class=\"elementor-element elementor-element-0adc905 elementor-widget elementor-widget-text-editor\" data-id=\"0adc905\" data-element_type=\"widget\" data-e-type=\"widget\" data-widget_type=\"text-editor.default\">\n\t\t\t\t<div class=\"elementor-widget-container\">\n\t\t\t\t\t\t\t\t\t<h4><strong>Isolation Thermique Ext\u00e9rieure (ITE)<\/strong><\/h4><p><strong>MCL<\/strong> propose des solutions de r\u00e9novation \u00e9nerg\u00e9tique par Isolation Thermique Ext\u00e9rieure (ITE). Cette technique permet de consid\u00e9rablement am\u00e9liorer le confort thermique des habitations tout en r\u00e9duisant leur consommation d\u2019\u00e9nergie.<\/p><p>L&rsquo;ITE permet d&rsquo;envelopper enti\u00e8rement le b\u00e2timent avec un isolant, \u00e9liminant ainsi les ponts thermiques. Cette m\u00e9thode assure une efficacit\u00e9 \u00e9nerg\u00e9tique maximale, r\u00e9duisant les pertes de chaleur en hiver et gardant la fra\u00eecheur en \u00e9t\u00e9. Le r\u00e9sultat ? Des \u00e9conomies significatives sur vos factures de chauffage et de climatisation.<\/p>\t\t\t\t\t\t\t\t<\/div>\n\t\t\t\t<\/div>\n\t\t\t\t<\/div>\n\t\t\t\t\t<\/div>\n\t\t\t\t<\/div>\n\t\t<div class=\"elementor-element elementor-element-6f0ef2a e-con-full e-flex e-con e-parent\" data-id=\"6f0ef2a\" data-element_type=\"container\" data-e-type=\"container\">\n\t\t<div class=\"elementor-element elementor-element-7a05152 e-con-full e-flex e-con e-child\" data-id=\"7a05152\" data-element_type=\"container\" data-e-type=\"container\">\n\t\t\t\t<div class=\"elementor-element elementor-element-c2f5096 elementor-widget elementor-widget-image\" data-id=\"c2f5096\" data-element_type=\"widget\" data-e-type=\"widget\" data-widget_type=\"image.default\">\n\t\t\t\t<div class=\"elementor-widget-container\">\n\t\t\t\t\t\t\t\t\t\t\t\t\t\t\t<img decoding=\"async\" width=\"640\" height=\"427\" src=\"https:\/\/www.mcl-menuiseries.com\/22\/wp-content\/uploads\/2024\/12\/Slide6-MCL-isolation-rails-cloisons-seches-1024x683.jpg\" class=\"attachment-large size-large wp-image-1195\" alt=\"\" srcset=\"https:\/\/www.mcl-menuiseries.com\/22\/wp-content\/uploads\/2024\/12\/Slide6-MCL-isolation-rails-cloisons-seches-1024x683.jpg 1024w, https:\/\/www.mcl-menuiseries.com\/22\/wp-content\/uploads\/2024\/12\/Slide6-MCL-isolation-rails-cloisons-seches-300x200.jpg 300w, https:\/\/www.mcl-menuiseries.com\/22\/wp-content\/uploads\/2024\/12\/Slide6-MCL-isolation-rails-cloisons-seches-768x512.jpg 768w, https:\/\/www.mcl-menuiseries.com\/22\/wp-content\/uploads\/2024\/12\/Slide6-MCL-isolation-rails-cloisons-seches-1536x1024.jpg 1536w, https:\/\/www.mcl-menuiseries.com\/22\/wp-content\/uploads\/2024\/12\/Slide6-MCL-isolation-rails-cloisons-seches.jpg 1800w\" sizes=\"(max-width: 640px) 100vw, 640px\" \/>\t\t\t\t\t\t\t\t\t\t\t\t\t\t\t<\/div>\n\t\t\t\t<\/div>\n\t\t\t\t<\/div>\n\t\t<div class=\"elementor-element elementor-element-e8e965e e-con-full e-flex e-con e-child\" data-id=\"e8e965e\" data-element_type=\"container\" data-e-type=\"container\">\n\t\t\t\t<div class=\"elementor-element elementor-element-4e8f35f elementor-widget elementor-widget-heading\" data-id=\"4e8f35f\" data-element_type=\"widget\" data-e-type=\"widget\" data-widget_type=\"heading.default\">\n\t\t\t\t<div class=\"elementor-widget-container\">\n\t\t\t\t\t<h3 class=\"elementor-heading-title elementor-size-default\">Performances \u00e9nerg\u00e9tiques<\/h3>\t\t\t\t<\/div>\n\t\t\t\t<\/div>\n\t\t\t\t<div class=\"elementor-element elementor-element-1e55a4d elementor-widget elementor-widget-total-plus-progress-bar\" data-id=\"1e55a4d\" data-element_type=\"widget\" data-e-type=\"widget\" data-widget_type=\"total-plus-progress-bar.default\">\n\t\t\t\t<div class=\"elementor-widget-container\">\n\t\t\t\t\t        <div class=\"tpe-progress-bar-sec\">\n                            <div class=\"tpe-progress\">\n                    <h6>Isolation thermique +<\/h6>\n                    <div class=\"tpe-progress-bar\" data-width=\"95\">\n                        <div class=\"tpe-progress-bar-length\">\n                            <span>95%<\/span>\n                        <\/div>\n                    <\/div>\n                <\/div>\n                                <div class=\"tpe-progress\">\n                    <h6>Isolation acoustique +<\/h6>\n                    <div class=\"tpe-progress-bar\" data-width=\"90\">\n                        <div class=\"tpe-progress-bar-length\">\n                            <span>90%<\/span>\n                        <\/div>\n                    <\/div>\n                <\/div>\n                                <div class=\"tpe-progress\">\n                    <h6>R\u00e9duction \u00e9mission CO2 +<\/h6>\n                    <div class=\"tpe-progress-bar\" data-width=\"94\">\n                        <div class=\"tpe-progress-bar-length\">\n                            <span>94%<\/span>\n                        <\/div>\n                    <\/div>\n                <\/div>\n                                <div class=\"tpe-progress\">\n                    <h6>Durabilit\u00e9 +<\/h6>\n                    <div class=\"tpe-progress-bar\" data-width=\"85\">\n                        <div class=\"tpe-progress-bar-length\">\n                            <span>85%<\/span>\n                        <\/div>\n                    <\/div>\n                <\/div>\n                        <\/div>\n        \t\t\t\t<\/div>\n\t\t\t\t<\/div>\n\t\t\t\t<\/div>\n\t\t\t\t<\/div>\n\t\t<div class=\"elementor-element elementor-element-9de8d5c e-flex e-con-boxed e-con e-parent\" data-id=\"9de8d5c\" data-element_type=\"container\" data-e-type=\"container\">\n\t\t\t\t\t<div class=\"e-con-inner\">\n\t\t\t\t<div class=\"elementor-element elementor-element-c94afe2 elementor-widget elementor-widget-heading\" data-id=\"c94afe2\" data-element_type=\"widget\" data-e-type=\"widget\" data-widget_type=\"heading.default\">\n\t\t\t\t<div class=\"elementor-widget-container\">\n\t\t\t\t\t<h3 class=\"elementor-heading-title elementor-size-default\">Isolation int\u00e9rieure &amp; Cloisons s\u00e8ches<\/h3>\t\t\t\t<\/div>\n\t\t\t\t<\/div>\n\t\t\t\t<div class=\"elementor-element elementor-element-086dc0e elementor-widget elementor-widget-text-editor\" data-id=\"086dc0e\" data-element_type=\"widget\" data-e-type=\"widget\" data-widget_type=\"text-editor.default\">\n\t\t\t\t<div class=\"elementor-widget-container\">\n\t\t\t\t\t\t\t\t\t<p><strong>MCL<\/strong> utilise des mat\u00e9riaux isolants de haute qualit\u00e9 pour garantir une isolation efficace et durable. Que ce soit pour des murs, des combles ou des sols, l&rsquo;entreprise propose des solutions adapt\u00e9es \u00e0 chaque type de construction. Les travaux d&rsquo;isolation, que nous r\u00e9alisons, permettent non seulement de r\u00e9duire les pertes de chaleur et les nuisances sonores, mais aussi de r\u00e9aliser des \u00e9conomies d&rsquo;\u00e9nergie significatives.<\/p><p><strong>MCL<\/strong> excelle \u00e9galement dans la pose de cloisons s\u00e8ches, offrant ainsi des solutions pratiques et esth\u00e9tiques pour l&rsquo;am\u00e9nagement int\u00e9rieur. Que ce soit pour cr\u00e9er de nouvelles pi\u00e8ces, am\u00e9liorer l&rsquo;agencement d&rsquo;un espace ou r\u00e9aliser des travaux de r\u00e9novation, les cloisons s\u00e8ches install\u00e9es par MCL se distinguent par leur solidit\u00e9 et leur finition soign\u00e9e. L&rsquo;entreprise utilise des mat\u00e9riaux respectueux de l&rsquo;environnement et s&rsquo;assure de respecter les d\u00e9lais convenus avec les clients.<\/p>\t\t\t\t\t\t\t\t<\/div>\n\t\t\t\t<\/div>\n\t\t\t\t\t<\/div>\n\t\t\t\t<\/div>\n\t\t\t\t<\/div>\n\t\t","protected":false},"excerpt":{"rendered":"<p>Isolation Thermique Ext\u00e9rieure (ITE) MCL propose des solutions de r\u00e9novation \u00e9nerg\u00e9tique par Isolation Thermique Ext\u00e9rieure (ITE). Cette technique permet de consid\u00e9rablement am\u00e9liorer le confort thermique des habitations tout en r\u00e9duisant leur consommation d\u2019\u00e9nergie. L&rsquo;ITE permet d&rsquo;envelopper enti\u00e8rement le b\u00e2timent avec un isolant, \u00e9liminant ainsi les ponts thermiques. Cette m\u00e9thode assure une efficacit\u00e9 \u00e9nerg\u00e9tique maximale, r\u00e9duisant [&hellip;]<\/p>\n","protected":false},"author":1,"featured_media":0,"parent":356,"menu_order":0,"comment_status":"closed","ping_status":"closed","template":"","meta":{"footnotes":""},"class_list":["post-445","page","type-page","status-publish","hentry"],"_links":{"self":[{"href":"https:\/\/www.mcl-menuiseries.com\/22\/wp-json\/wp\/v2\/pages\/445","targetHints":{"allow":["GET"]}}],"collection":[{"href":"https:\/\/www.mcl-menuiseries.com\/22\/wp-json\/wp\/v2\/pages"}],"about":[{"href":"https:\/\/www.mcl-menuiseries.com\/22\/wp-json\/wp\/v2\/types\/page"}],"author":[{"embeddable":true,"href":"https:\/\/www.mcl-menuiseries.com\/22\/wp-json\/wp\/v2\/users\/1"}],"replies":[{"embeddable":true,"href":"https:\/\/www.mcl-menuiseries.com\/22\/wp-json\/wp\/v2\/comments?post=445"}],"version-history":[{"count":19,"href":"https:\/\/www.mcl-menuiseries.com\/22\/wp-json\/wp\/v2\/pages\/445\/revisions"}],"predecessor-version":[{"id":1541,"href":"https:\/\/www.mcl-menuiseries.com\/22\/wp-json\/wp\/v2\/pages\/445\/revisions\/1541"}],"up":[{"embeddable":true,"href":"https:\/\/www.mcl-menuiseries.com\/22\/wp-json\/wp\/v2\/pages\/356"}],"wp:attachment":[{"href":"https:\/\/www.mcl-menuiseries.com\/22\/wp-json\/wp\/v2\/media?parent=445"}],"curies":[{"name":"wp","href":"https:\/\/api.w.org\/{rel}","templated":true}]}}