{"id":548,"date":"2024-12-09T12:40:19","date_gmt":"2024-12-09T11:40:19","guid":{"rendered":"https:\/\/demo.hashthemes.com\/total-plus\/construction\/?page_id=548"},"modified":"2025-01-20T09:45:38","modified_gmt":"2025-01-20T08:45:38","slug":"qui-sommes-nous","status":"publish","type":"page","link":"https:\/\/www.mcl-menuiseries.com\/22\/qui-sommes-nous\/","title":{"rendered":"Qui sommes nous ?"},"content":{"rendered":"\t\t<div data-elementor-type=\"wp-page\" data-elementor-id=\"548\" class=\"elementor elementor-548\">\n\t\t\t\t<div class=\"elementor-element elementor-element-315460f e-flex e-con-boxed e-con e-parent\" data-id=\"315460f\" data-element_type=\"container\" data-e-type=\"container\">\n\t\t\t\t\t<div class=\"e-con-inner\">\n\t\t<div class=\"elementor-element elementor-element-19d36c0 e-con-full e-flex e-con e-child\" data-id=\"19d36c0\" data-element_type=\"container\" data-e-type=\"container\">\n\t\t\t\t<div class=\"elementor-element elementor-element-b399a86 elementor-widget elementor-widget-text-editor\" data-id=\"b399a86\" data-element_type=\"widget\" data-e-type=\"widget\" data-widget_type=\"text-editor.default\">\n\t\t\t\t<div class=\"elementor-widget-container\">\n\t\t\t\t\t\t\t\t\t<p>Cr\u00e9\u00e9e en 1998 \u00e0 Ploumilliau, dans les C\u00f4tes-d&rsquo;Armor, la soci\u00e9t\u00e9 <strong>MCL<\/strong>, <em>Menuiserie &amp; Charpente du L\u00e9guer<\/em>, vous accompagne dans la r\u00e9alisation de vos projets, dans les domaines suivants :<\/p><p>\u2022 Charpentes traditionnelles<br \/>\u2022 Construction &amp; extension en ossature bois<br \/>\u2022 R\u00e9novation \u00e9nerg\u00e9tique<br \/>\u00a0\u00a0&#8211; ITE, Isolation Thermique par l&rsquo;Ext\u00e9rieure<br \/>\u00a0\u00a0&#8211; Isolation thermique par l&rsquo;int\u00e9rieur &amp; Cloisons s\u00e8ches<br \/>\u2022 Menuiseries int\u00e9rieures &amp; ext\u00e9rieures, bois, alu, pvc<br \/>\u00a0\u00a0&#8211; Fourniture et pose de portes, fen\u00eatres, volets, &#8230;<br \/>\u00a0\u00a0&#8211; Parquets, placards, escaliers, dressings, &#8230;<br \/>\u00a0\u00a0&#8211; Portails, cl\u00f4tures, carports, pergolas, terrasses, &#8230;<\/p>\t\t\t\t\t\t\t\t<\/div>\n\t\t\t\t<\/div>\n\t\t\t\t<\/div>\n\t\t<div class=\"elementor-element elementor-element-33e4696 e-con-full e-flex e-con e-child\" data-id=\"33e4696\" data-element_type=\"container\" data-e-type=\"container\">\n\t\t\t\t<div class=\"elementor-element elementor-element-f26b4a7 elementor-widget elementor-widget-image\" data-id=\"f26b4a7\" data-element_type=\"widget\" data-e-type=\"widget\" data-widget_type=\"image.default\">\n\t\t\t\t<div class=\"elementor-widget-container\">\n\t\t\t\t\t\t\t\t\t\t\t\t\t\t\t<img fetchpriority=\"high\" decoding=\"async\" width=\"1800\" height=\"1200\" src=\"https:\/\/www.mcl-menuiseries.com\/22\/wp-content\/uploads\/2024\/12\/MCL-entreprise-Ploumilliau.jpg\" class=\"attachment-full size-full wp-image-1338\" alt=\"\" srcset=\"https:\/\/www.mcl-menuiseries.com\/22\/wp-content\/uploads\/2024\/12\/MCL-entreprise-Ploumilliau.jpg 1800w, https:\/\/www.mcl-menuiseries.com\/22\/wp-content\/uploads\/2024\/12\/MCL-entreprise-Ploumilliau-300x200.jpg 300w, https:\/\/www.mcl-menuiseries.com\/22\/wp-content\/uploads\/2024\/12\/MCL-entreprise-Ploumilliau-1024x683.jpg 1024w, https:\/\/www.mcl-menuiseries.com\/22\/wp-content\/uploads\/2024\/12\/MCL-entreprise-Ploumilliau-768x512.jpg 768w, https:\/\/www.mcl-menuiseries.com\/22\/wp-content\/uploads\/2024\/12\/MCL-entreprise-Ploumilliau-1536x1024.jpg 1536w\" sizes=\"(max-width: 1800px) 100vw, 1800px\" \/>\t\t\t\t\t\t\t\t\t\t\t\t\t\t\t<\/div>\n\t\t\t\t<\/div>\n\t\t\t\t<\/div>\n\t\t\t\t\t<\/div>\n\t\t\t\t<\/div>\n\t\t<div class=\"elementor-element elementor-element-ac402d0 e-flex e-con-boxed e-con e-parent\" data-id=\"ac402d0\" data-element_type=\"container\" data-e-type=\"container\">\n\t\t\t\t\t<div class=\"e-con-inner\">\n\t\t\t\t<div class=\"elementor-element elementor-element-5d86fd1 elementor-widget elementor-widget-heading\" data-id=\"5d86fd1\" data-element_type=\"widget\" data-e-type=\"widget\" data-widget_type=\"heading.default\">\n\t\t\t\t<div class=\"elementor-widget-container\">\n\t\t\t\t\t<h3 class=\"elementor-heading-title elementor-size-default\">... \u00c0 VOTRE SERVICE ...<\/h3>\t\t\t\t<\/div>\n\t\t\t\t<\/div>\n\t\t<div class=\"elementor-element elementor-element-345837a e-con-full e-flex e-con e-child\" data-id=\"345837a\" data-element_type=\"container\" data-e-type=\"container\">\n\t\t<div class=\"elementor-element elementor-element-c7047f5 e-con-full e-flex e-con e-child\" data-id=\"c7047f5\" data-element_type=\"container\" data-e-type=\"container\">\n\t\t\t\t<div class=\"elementor-element elementor-element-e2fbbd2 elementor-view-framed elementor-shape-square elementor-position-inline-start elementor-mobile-position-block-start elementor-widget elementor-widget-icon-box\" data-id=\"e2fbbd2\" data-element_type=\"widget\" data-e-type=\"widget\" data-widget_type=\"icon-box.default\">\n\t\t\t\t<div class=\"elementor-widget-container\">\n\t\t\t\t\t\t\t<div class=\"elementor-icon-box-wrapper\">\n\n\t\t\t\t\t\t<div class=\"elementor-icon-box-icon\">\n\t\t\t\t<span  class=\"elementor-icon\">\n\t\t\t\t<svg aria-hidden=\"true\" class=\"e-font-icon-svg e-fas-handshake\" viewBox=\"0 0 640 512\" xmlns=\"http:\/\/www.w3.org\/2000\/svg\"><path d=\"M434.7 64h-85.9c-8 0-15.7 3-21.6 8.4l-98.3 90c-.1.1-.2.3-.3.4-16.6 15.6-16.3 40.5-2.1 56 12.7 13.9 39.4 17.6 56.1 2.7.1-.1.3-.1.4-.2l79.9-73.2c6.5-5.9 16.7-5.5 22.6 1 6 6.5 5.5 16.6-1 22.6l-26.1 23.9L504 313.8c2.9 2.4 5.5 5 7.9 7.7V128l-54.6-54.6c-5.9-6-14.1-9.4-22.6-9.4zM544 128.2v223.9c0 17.7 14.3 32 32 32h64V128.2h-96zm48 223.9c-8.8 0-16-7.2-16-16s7.2-16 16-16 16 7.2 16 16-7.2 16-16 16zM0 384h64c17.7 0 32-14.3 32-32V128.2H0V384zm48-63.9c8.8 0 16 7.2 16 16s-7.2 16-16 16-16-7.2-16-16c0-8.9 7.2-16 16-16zm435.9 18.6L334.6 217.5l-30 27.5c-29.7 27.1-75.2 24.5-101.7-4.4-26.9-29.4-24.8-74.9 4.4-101.7L289.1 64h-83.8c-8.5 0-16.6 3.4-22.6 9.4L128 128v223.9h18.3l90.5 81.9c27.4 22.3 67.7 18.1 90-9.3l.2-.2 17.9 15.5c15.9 13 39.4 10.5 52.3-5.4l31.4-38.6 5.4 4.4c13.7 11.1 33.9 9.1 45-4.7l9.5-11.7c11.2-13.8 9.1-33.9-4.6-45.1z\"><\/path><\/svg>\t\t\t\t<\/span>\n\t\t\t<\/div>\n\t\t\t\n\t\t\t\t\t\t<div class=\"elementor-icon-box-content\">\n\n\t\t\t\t\t\t\t\t\t<h5 class=\"elementor-icon-box-title\">\n\t\t\t\t\t\t<span  >\n\t\t\t\t\t\t\tVous avez un projet ?\t\t\t\t\t\t<\/span>\n\t\t\t\t\t<\/h5>\n\t\t\t\t\n\t\t\t\t\t\t\t\t\t<p class=\"elementor-icon-box-description\">\n\t\t\t\t\t\tVenez dans notre showroom \u00e0 Ploumilliau. Nous sommes \u00e0 votre \u00e9coute pour \u00e9valuer votre projet et vous conseiller.\t\t\t\t\t<\/p>\n\t\t\t\t\n\t\t\t<\/div>\n\t\t\t\n\t\t<\/div>\n\t\t\t\t\t\t<\/div>\n\t\t\t\t<\/div>\n\t\t\t\t<\/div>\n\t\t<div class=\"elementor-element elementor-element-0a0e204 e-con-full e-flex e-con e-child\" data-id=\"0a0e204\" data-element_type=\"container\" data-e-type=\"container\">\n\t\t\t\t<div class=\"elementor-element elementor-element-e8dbf87 elementor-view-framed elementor-shape-square elementor-position-inline-start elementor-mobile-position-block-start elementor-widget elementor-widget-icon-box\" data-id=\"e8dbf87\" data-element_type=\"widget\" data-e-type=\"widget\" data-widget_type=\"icon-box.default\">\n\t\t\t\t<div class=\"elementor-widget-container\">\n\t\t\t\t\t\t\t<div class=\"elementor-icon-box-wrapper\">\n\n\t\t\t\t\t\t<div class=\"elementor-icon-box-icon\">\n\t\t\t\t<span  class=\"elementor-icon\">\n\t\t\t\t<svg aria-hidden=\"true\" class=\"e-font-icon-svg e-fas-user-tie\" viewBox=\"0 0 448 512\" xmlns=\"http:\/\/www.w3.org\/2000\/svg\"><path d=\"M224 256c70.7 0 128-57.3 128-128S294.7 0 224 0 96 57.3 96 128s57.3 128 128 128zm95.8 32.6L272 480l-32-136 32-56h-96l32 56-32 136-47.8-191.4C56.9 292 0 350.3 0 422.4V464c0 26.5 21.5 48 48 48h352c26.5 0 48-21.5 48-48v-41.6c0-72.1-56.9-130.4-128.2-133.8z\"><\/path><\/svg>\t\t\t\t<\/span>\n\t\t\t<\/div>\n\t\t\t\n\t\t\t\t\t\t<div class=\"elementor-icon-box-content\">\n\n\t\t\t\t\t\t\t\t\t<h5 class=\"elementor-icon-box-title\">\n\t\t\t\t\t\t<span  >\n\t\t\t\t\t\t\tUne \u00e9quipe r\u00e9active\t\t\t\t\t\t<\/span>\n\t\t\t\t\t<\/h5>\n\t\t\t\t\n\t\t\t\t\t\t\t\t\t<p class=\"elementor-icon-box-description\">\n\t\t\t\t\t\tNous pouvons \u00e9galement nous d\u00e9placer chez vous et \u00e9valuer avec vous, vos besoins en r\u00e9novation ou am\u00e9nagement.\t\t\t\t\t<\/p>\n\t\t\t\t\n\t\t\t<\/div>\n\t\t\t\n\t\t<\/div>\n\t\t\t\t\t\t<\/div>\n\t\t\t\t<\/div>\n\t\t\t\t<\/div>\n\t\t<div class=\"elementor-element elementor-element-3907a75 e-con-full e-flex e-con e-child\" data-id=\"3907a75\" data-element_type=\"container\" data-e-type=\"container\">\n\t\t\t\t<div class=\"elementor-element elementor-element-b5811e1 elementor-view-framed elementor-shape-square elementor-position-inline-start elementor-mobile-position-block-start elementor-widget elementor-widget-icon-box\" data-id=\"b5811e1\" data-element_type=\"widget\" data-e-type=\"widget\" data-widget_type=\"icon-box.default\">\n\t\t\t\t<div class=\"elementor-widget-container\">\n\t\t\t\t\t\t\t<div class=\"elementor-icon-box-wrapper\">\n\n\t\t\t\t\t\t<div class=\"elementor-icon-box-icon\">\n\t\t\t\t<span  class=\"elementor-icon\">\n\t\t\t\t<svg aria-hidden=\"true\" class=\"e-font-icon-svg e-fas-calculator\" viewBox=\"0 0 448 512\" xmlns=\"http:\/\/www.w3.org\/2000\/svg\"><path d=\"M400 0H48C22.4 0 0 22.4 0 48v416c0 25.6 22.4 48 48 48h352c25.6 0 48-22.4 48-48V48c0-25.6-22.4-48-48-48zM128 435.2c0 6.4-6.4 12.8-12.8 12.8H76.8c-6.4 0-12.8-6.4-12.8-12.8v-38.4c0-6.4 6.4-12.8 12.8-12.8h38.4c6.4 0 12.8 6.4 12.8 12.8v38.4zm0-128c0 6.4-6.4 12.8-12.8 12.8H76.8c-6.4 0-12.8-6.4-12.8-12.8v-38.4c0-6.4 6.4-12.8 12.8-12.8h38.4c6.4 0 12.8 6.4 12.8 12.8v38.4zm128 128c0 6.4-6.4 12.8-12.8 12.8h-38.4c-6.4 0-12.8-6.4-12.8-12.8v-38.4c0-6.4 6.4-12.8 12.8-12.8h38.4c6.4 0 12.8 6.4 12.8 12.8v38.4zm0-128c0 6.4-6.4 12.8-12.8 12.8h-38.4c-6.4 0-12.8-6.4-12.8-12.8v-38.4c0-6.4 6.4-12.8 12.8-12.8h38.4c6.4 0 12.8 6.4 12.8 12.8v38.4zm128 128c0 6.4-6.4 12.8-12.8 12.8h-38.4c-6.4 0-12.8-6.4-12.8-12.8V268.8c0-6.4 6.4-12.8 12.8-12.8h38.4c6.4 0 12.8 6.4 12.8 12.8v166.4zm0-256c0 6.4-6.4 12.8-12.8 12.8H76.8c-6.4 0-12.8-6.4-12.8-12.8V76.8C64 70.4 70.4 64 76.8 64h294.4c6.4 0 12.8 6.4 12.8 12.8v102.4z\"><\/path><\/svg>\t\t\t\t<\/span>\n\t\t\t<\/div>\n\t\t\t\n\t\t\t\t\t\t<div class=\"elementor-icon-box-content\">\n\n\t\t\t\t\t\t\t\t\t<h5 class=\"elementor-icon-box-title\">\n\t\t\t\t\t\t<span  >\n\t\t\t\t\t\t\tUn devis personnalis\u00e9\t\t\t\t\t\t<\/span>\n\t\t\t\t\t<\/h5>\n\t\t\t\t\n\t\t\t\t\t\t\t\t\t<p class=\"elementor-icon-box-description\">\n\t\t\t\t\t\tNous vous apporterons une r\u00e9ponse adapt\u00e9e \u00e0 vos besoins, selon les mat\u00e9riaux, les finitions et les d\u00e9lais impartis.\t\t\t\t\t<\/p>\n\t\t\t\t\n\t\t\t<\/div>\n\t\t\t\n\t\t<\/div>\n\t\t\t\t\t\t<\/div>\n\t\t\t\t<\/div>\n\t\t\t\t<\/div>\n\t\t\t\t<\/div>\n\t\t\t\t\t<\/div>\n\t\t\t\t<\/div>\n\t\t<div class=\"elementor-element elementor-element-810ff41 e-flex e-con-boxed e-con e-parent\" data-id=\"810ff41\" data-element_type=\"container\" data-e-type=\"container\" data-settings=\"{&quot;background_background&quot;:&quot;classic&quot;}\">\n\t\t\t\t\t<div class=\"e-con-inner\">\n\t\t<div class=\"elementor-element elementor-element-9cf7484 e-con-full e-flex e-con e-child\" data-id=\"9cf7484\" data-element_type=\"container\" data-e-type=\"container\">\n\t\t\t\t<div class=\"elementor-element elementor-element-1427973 elementor-widget elementor-widget-heading\" data-id=\"1427973\" data-element_type=\"widget\" data-e-type=\"widget\" data-widget_type=\"heading.default\">\n\t\t\t\t<div class=\"elementor-widget-container\">\n\t\t\t\t\t<h3 class=\"elementor-heading-title elementor-size-default\">NOTRE PHILOSOPHIE<\/h3>\t\t\t\t<\/div>\n\t\t\t\t<\/div>\n\t\t\t\t<div class=\"elementor-element elementor-element-15d414f elementor-widget elementor-widget-text-editor\" data-id=\"15d414f\" data-element_type=\"widget\" data-e-type=\"widget\" data-widget_type=\"text-editor.default\">\n\t\t\t\t<div class=\"elementor-widget-container\">\n\t\t\t\t\t\t\t\t\t<p><strong>MCL<\/strong> est \u00e9galement consciente de son impact environnemental et s&rsquo;efforce de r\u00e9duire son empreinte \u00e9cologique. L&rsquo;utilisation de mat\u00e9riaux durables, l&rsquo;optimisation des processus de fabrication et la gestion responsable des d\u00e9chets font partie int\u00e9grante de notre philosophie d&rsquo;entreprise.<\/p><p><img decoding=\"async\" class=\"alignnone size-full wp-image-1237\" src=\"https:\/\/www.mcl-menuiseries.com\/22\/wp-content\/uploads\/2024\/12\/RGE_logo-Qualification-646x161px.png\" alt=\"\" width=\"646\" height=\"161\" srcset=\"https:\/\/www.mcl-menuiseries.com\/22\/wp-content\/uploads\/2024\/12\/RGE_logo-Qualification-646x161px.png 646w, https:\/\/www.mcl-menuiseries.com\/22\/wp-content\/uploads\/2024\/12\/RGE_logo-Qualification-646x161px-300x75.png 300w, https:\/\/www.mcl-menuiseries.com\/22\/wp-content\/uploads\/2024\/12\/elementor\/thumbs\/RGE_logo-Qualification-646x161px-qybb1a53fzfmgoqq6ml6h8ctkon66nd1637rolk7vm.png 500w\" sizes=\"(max-width: 646px) 100vw, 646px\" \/><\/p>\t\t\t\t\t\t\t\t<\/div>\n\t\t\t\t<\/div>\n\t\t\t\t<\/div>\n\t\t<div class=\"elementor-element elementor-element-6b0e13b e-con-full e-flex e-con e-child\" data-id=\"6b0e13b\" data-element_type=\"container\" data-e-type=\"container\">\n\t\t\t\t<div class=\"elementor-element elementor-element-92e5125 elementor-widget elementor-widget-image\" data-id=\"92e5125\" data-element_type=\"widget\" data-e-type=\"widget\" data-widget_type=\"image.default\">\n\t\t\t\t<div class=\"elementor-widget-container\">\n\t\t\t\t\t\t\t\t\t\t\t\t\t\t\t<img decoding=\"async\" width=\"1800\" height=\"1200\" src=\"https:\/\/www.mcl-menuiseries.com\/22\/wp-content\/uploads\/2025\/01\/MCL-equipe-2025.jpg\" class=\"attachment-full size-full wp-image-1730\" alt=\"\" srcset=\"https:\/\/www.mcl-menuiseries.com\/22\/wp-content\/uploads\/2025\/01\/MCL-equipe-2025.jpg 1800w, https:\/\/www.mcl-menuiseries.com\/22\/wp-content\/uploads\/2025\/01\/MCL-equipe-2025-300x200.jpg 300w, https:\/\/www.mcl-menuiseries.com\/22\/wp-content\/uploads\/2025\/01\/MCL-equipe-2025-1024x683.jpg 1024w, https:\/\/www.mcl-menuiseries.com\/22\/wp-content\/uploads\/2025\/01\/MCL-equipe-2025-768x512.jpg 768w, https:\/\/www.mcl-menuiseries.com\/22\/wp-content\/uploads\/2025\/01\/MCL-equipe-2025-1536x1024.jpg 1536w\" sizes=\"(max-width: 1800px) 100vw, 1800px\" \/>\t\t\t\t\t\t\t\t\t\t\t\t\t\t\t<\/div>\n\t\t\t\t<\/div>\n\t\t\t\t<\/div>\n\t\t\t\t\t<\/div>\n\t\t\t\t<\/div>\n\t\t\t\t<\/div>\n\t\t","protected":false},"excerpt":{"rendered":"<p>Cr\u00e9\u00e9e en 1998 \u00e0 Ploumilliau, dans les C\u00f4tes-d&rsquo;Armor, la soci\u00e9t\u00e9 MCL, Menuiserie &amp; Charpente du L\u00e9guer, vous accompagne dans la r\u00e9alisation de vos projets, dans les domaines suivants : \u2022 Charpentes traditionnelles\u2022 Construction &amp; extension en ossature bois\u2022 R\u00e9novation \u00e9nerg\u00e9tique\u00a0\u00a0&#8211; ITE, Isolation Thermique par l&rsquo;Ext\u00e9rieure\u00a0\u00a0&#8211; Isolation thermique par l&rsquo;int\u00e9rieur &amp; Cloisons s\u00e8ches\u2022 Menuiseries int\u00e9rieures &amp; [&hellip;]<\/p>\n","protected":false},"author":1,"featured_media":0,"parent":0,"menu_order":0,"comment_status":"closed","ping_status":"closed","template":"","meta":{"footnotes":""},"class_list":["post-548","page","type-page","status-publish","hentry"],"_links":{"self":[{"href":"https:\/\/www.mcl-menuiseries.com\/22\/wp-json\/wp\/v2\/pages\/548","targetHints":{"allow":["GET"]}}],"collection":[{"href":"https:\/\/www.mcl-menuiseries.com\/22\/wp-json\/wp\/v2\/pages"}],"about":[{"href":"https:\/\/www.mcl-menuiseries.com\/22\/wp-json\/wp\/v2\/types\/page"}],"author":[{"embeddable":true,"href":"https:\/\/www.mcl-menuiseries.com\/22\/wp-json\/wp\/v2\/users\/1"}],"replies":[{"embeddable":true,"href":"https:\/\/www.mcl-menuiseries.com\/22\/wp-json\/wp\/v2\/comments?post=548"}],"version-history":[{"count":34,"href":"https:\/\/www.mcl-menuiseries.com\/22\/wp-json\/wp\/v2\/pages\/548\/revisions"}],"predecessor-version":[{"id":1740,"href":"https:\/\/www.mcl-menuiseries.com\/22\/wp-json\/wp\/v2\/pages\/548\/revisions\/1740"}],"wp:attachment":[{"href":"https:\/\/www.mcl-menuiseries.com\/22\/wp-json\/wp\/v2\/media?parent=548"}],"curies":[{"name":"wp","href":"https:\/\/api.w.org\/{rel}","templated":true}]}}